{"id":2,"date":"2020-11-25T12:15:53","date_gmt":"2020-11-25T12:15:53","guid":{"rendered":"https:\/\/nervenarztpraxis-wf.de\/?page_id=2"},"modified":"2021-01-07T09:34:33","modified_gmt":"2021-01-07T09:34:33","slug":"sample-page","status":"publish","type":"page","link":"https:\/\/www.nervenarztpraxis-wf.de\/?page_id=2","title":{"rendered":"Er\u00f6ffnungsank\u00fcndigung"},"content":{"rendered":"<section  class='av_textblock_section av-6d6m-28c4ed73c0ee5fef84f7febb99aebe01 '   itemscope=\"itemscope\" itemtype=\"https:\/\/schema.org\/CreativeWork\" ><div class='avia_textblock'  itemprop=\"text\" ><p><strong>Er\u00f6ffnung einer Nerven\u00e4rztlichen Praxis in Wolfenb\u00fcttel ab Januar 2021<\/strong><\/p>\n<p>Sehr geehrte Damen und Herren, liebe Kolleginnen und Kollegen,<\/p>\n<p>ab Januar 2021 werde ich meine nerven\u00e4rztliche Praxist\u00e4tigkeit in Wolfenb\u00fcttel aufnehmen. F\u00fcr mich bedeutet dieser Schritt nach Studium und Ausbildung zum Neurologen an der MHH sowie einer langen und sch\u00f6nen Zeit an der Klinik Dr. Fontheim in Liebenburg die berufliche R\u00fcckkehr in meine Heimatstadt.<\/p>\n<p>Fachlich werde ich mich im Schwerpunkt s\u00e4mtlichen neuro-psychiatrischen Krankheitsbildern widmen, aber nat\u00fcrlich auch der Alterspsychiatrie treu bleiben.<\/p>\n<p>Eine ordentliche Er\u00f6ffnungsfeier wird selbstverst\u00e4ndlich nachgeholt. Dann auch am eigentlich geplanten Standort, dem neuen \u00c4rztehaus Med51.2 am Klinikum Wolfenb\u00fcttel, was trotz Corona tolle Baufortschritte macht!<\/p>\n<p>Mein Team und ich starten daher in R\u00e4umen \u00fcber der Deutschen Bank am Holzmarkt. Die dort schon t\u00e4tigen urologischen Kollegen aus dem Schlosscarr\u00e9 Braunschweig werden auch meine zuk\u00fcnftigen Nachbarn im Med51 sein.<\/p>\n<p>Ab dem 01. Dezember k\u00f6nnen Termine \u00fcber Email, Fax, SMS\/Voicemail und auch \u00fcber ein Online-Portal auf der Webseite vereinbart werden. Wir freuen uns, Sie im Neuen Jahr dann pers\u00f6nlich sprechen zu k\u00f6nnen! Auf eine gute Zusammenarbeit!<\/p>\n<p>Freundliche Gr\u00fc\u00dfe <\/p>\n<p>Ihr Dr. Bj\u00f6rn Ahl<\/p>\n<\/div><\/section>\n<div  class='av_gmaps_sc_main_wrap av_gmaps_main_wrap '><div id='av_gmap_0' class='avia-google-map-container avia-google-map-sc av_gmaps_show_unconditionally av-no-fallback-img ' data-mapid='av_gmap_0'  style='height: 400px;'><a class=\"av_gmaps_browser_disabled av_text_confirm_link av_text_confirm_link_visible\" href=\"https:\/\/www.google.com\/maps\/search\/?api=1&#038;query=Holzmarkt%203-5%2038300%20Wolfenb\u00fcttel\" target=\"_blank\">Aufgrund deiner Datenschutz-Einstellungen k\u00f6nnen wir Ihnen die Karte nicht anzeigen. Klicken Sie hier, um die Karte in einem neuen Fenster zu \u00f6ffnen.<\/a><\/div><\/div>\n","protected":false},"excerpt":{"rendered":"","protected":false},"author":1,"featured_media":0,"parent":0,"menu_order":0,"comment_status":"closed","ping_status":"closed","template":"","meta":{"footnotes":""},"class_list":["post-2","page","type-page","status-publish","hentry"],"_links":{"self":[{"href":"https:\/\/www.nervenarztpraxis-wf.de\/index.php?rest_route=\/wp\/v2\/pages\/2","targetHints":{"allow":["GET"]}}],"collection":[{"href":"https:\/\/www.nervenarztpraxis-wf.de\/index.php?rest_route=\/wp\/v2\/pages"}],"about":[{"href":"https:\/\/www.nervenarztpraxis-wf.de\/index.php?rest_route=\/wp\/v2\/types\/page"}],"author":[{"embeddable":true,"href":"https:\/\/www.nervenarztpraxis-wf.de\/index.php?rest_route=\/wp\/v2\/users\/1"}],"replies":[{"embeddable":true,"href":"https:\/\/www.nervenarztpraxis-wf.de\/index.php?rest_route=%2Fwp%2Fv2%2Fcomments&post=2"}],"version-history":[{"count":6,"href":"https:\/\/www.nervenarztpraxis-wf.de\/index.php?rest_route=\/wp\/v2\/pages\/2\/revisions"}],"predecessor-version":[{"id":277,"href":"https:\/\/www.nervenarztpraxis-wf.de\/index.php?rest_route=\/wp\/v2\/pages\/2\/revisions\/277"}],"wp:attachment":[{"href":"https:\/\/www.nervenarztpraxis-wf.de\/index.php?rest_route=%2Fwp%2Fv2%2Fmedia&parent=2"}],"curies":[{"name":"wp","href":"https:\/\/api.w.org\/{rel}","templated":true}]}}